{"id":142,"date":"2014-11-23T20:19:46","date_gmt":"2014-11-23T19:19:46","guid":{"rendered":"http:\/\/dominicainslille.fr\/?page_id=142"},"modified":"2024-06-09T19:36:58","modified_gmt":"2024-06-09T17:36:58","slug":"famille-dominicaine","status":"publish","type":"page","link":"https:\/\/dominicainslille.fr\/?page_id=142","title":{"rendered":"Famille dominicaine"},"content":{"rendered":"<div id=\"attachment_143\" style=\"width: 204px\" class=\"wp-caption alignleft\"><a href=\"https:\/\/dominicainslille.fr\/wp-content\/uploads\/2014\/11\/saint_dominique1.jpg\"><img loading=\"lazy\" decoding=\"async\" aria-describedby=\"caption-attachment-143\" class=\"wp-image-143 size-medium\" src=\"https:\/\/dominicainslille.fr\/wp-content\/uploads\/2014\/11\/saint_dominique1-198x300.jpg\" alt=\"saint_dominique1\" width=\"198\" height=\"300\" srcset=\"https:\/\/dominicainslille.fr\/wp-content\/uploads\/2014\/11\/saint_dominique1-198x300.jpg 198w, https:\/\/dominicainslille.fr\/wp-content\/uploads\/2014\/11\/saint_dominique1.jpg 225w\" sizes=\"auto, (max-width: 198px) 100vw, 198px\" \/><\/a><p id=\"caption-attachment-143\" class=\"wp-caption-text\">Saint Dominique<\/p><\/div>\n<p>Autour de l&rsquo;intuition \u00e9vang\u00e9lique de <strong>saint Dominique<\/strong> (1170-1221), l&rsquo;<a href=\"http:\/\/www.op.org\/fr\" target=\"_blank\" rel=\"noopener\">Orde des Pr\u00eacheurs ou Dominicains<\/a> s&rsquo;est d\u00e9velopp\u00e9 en trois branches :<\/p>\n<ul>\n<li><strong><a href=\"http:\/\/dominicaines.org\/france\/\" target=\"_blank\" rel=\"noopener\">Les moniales dominicaines<\/a><\/strong>\u00a0sont des religieuse contemplatives. En France elles sont regroup\u00e9es en une douzaine de monast\u00e8res au sein de la F\u00e9d\u00e9ration Notre-Dame des Pr\u00eacheurs.<\/li>\n<\/ul>\n<ul>\n<li><strong>Les fr\u00e8res dominicains<\/strong> sont des religieux apostoliques organis\u00e9s an provinces. La <a href=\"http:\/\/www.dominicains.fr\" target=\"_blank\" rel=\"noopener\">Province de France<\/a> rassemble plus de 300 fr\u00e8res dans une dizaine de couvents et maisons en France ainsi qu&rsquo;\u00e0 l&rsquo;\u00e9tranger (Scandinavie et Finlande, Afrique \u00e9quatoriale, monde arabe et pays baltes).<\/li>\n<\/ul>\n<ul>\n<li><strong><a href=\"http:\/\/www.laics-dominicains.org\" target=\"_blank\" rel=\"noopener\">Les la\u00efcs dominicains<\/a><\/strong>\u00a0sont n\u00e9s de l&rsquo;intuition \u00e9vang\u00e9lique de saint Dominique (1170-1221): l&rsquo;Orde des Pr\u00eacheurs ou Dominicains s&rsquo;est d\u00e9velopp\u00e9 en trois branches. A c\u00f4t\u00e9 des fr\u00e8res et des moniales s&rsquo;est institu\u00e9 un tiers-ordre. compos\u00e9s de la\u00efcs.\n<p>Mari\u00e9s ou c\u00e9libataires, ils se retrouvent dans des groupes de 5 \u00e0 15 personnes appel\u00e9s fraternit\u00e9s. Ils partagent leur foi par la pri\u00e8re, l&rsquo;\u00e9tude et l&rsquo;engagement dans le monde. Il existe 6 fraternit\u00e9s dans la r\u00e9gion Nord.<\/p>\n<p>En lien avec les fraternit\u00e9s, une initation \u00e0 la th\u00e9ologie est ouverte \u00e0 raison d&rsquo;une rencontre mensuelle au couvent.<\/li>\n<\/ul>\n<ul>\n<li><strong>Les s\u0153urs apostoliques<\/strong>. De fondation plus r\u00e9cente, des femmes choisissent de vivre la vie apostolique dans le monde pour y annoncer la parole de Dieu selon le charisme Dominicain. Vous trouverez quelques unes de ces congr\u00e9gations dans la rubrique <a title=\"Liens\" href=\"https:\/\/dominicainslille.fr\/liens\/\">liens<\/a> : s\u0153urs apostoliques<\/li>\n<\/ul>\n<p>&nbsp;<\/p>\n","protected":false},"excerpt":{"rendered":"<p>Autour de l&rsquo;intuition \u00e9vang\u00e9lique de saint Dominique (1170-1221), l&rsquo;Orde des Pr\u00eacheurs ou Dominicains s&rsquo;est d\u00e9velopp\u00e9 en trois branches : Les moniales dominicaines\u00a0sont des religieuse contemplatives. En France elles sont regroup\u00e9es en une douzaine de monast\u00e8res au sein de la F\u00e9d\u00e9ration Notre-Dame des Pr\u00eacheurs. Les fr\u00e8res dominicains sont des religieux apostoliques organis\u00e9s an provinces. La Province&hellip;<\/p>\n","protected":false},"author":1,"featured_media":0,"parent":22,"menu_order":0,"comment_status":"closed","ping_status":"closed","template":"","meta":{"footnotes":""},"class_list":["post-142","page","type-page","status-publish","hentry"],"_links":{"self":[{"href":"https:\/\/dominicainslille.fr\/index.php?rest_route=\/wp\/v2\/pages\/142","targetHints":{"allow":["GET"]}}],"collection":[{"href":"https:\/\/dominicainslille.fr\/index.php?rest_route=\/wp\/v2\/pages"}],"about":[{"href":"https:\/\/dominicainslille.fr\/index.php?rest_route=\/wp\/v2\/types\/page"}],"author":[{"embeddable":true,"href":"https:\/\/dominicainslille.fr\/index.php?rest_route=\/wp\/v2\/users\/1"}],"replies":[{"embeddable":true,"href":"https:\/\/dominicainslille.fr\/index.php?rest_route=%2Fwp%2Fv2%2Fcomments&post=142"}],"version-history":[{"count":5,"href":"https:\/\/dominicainslille.fr\/index.php?rest_route=\/wp\/v2\/pages\/142\/revisions"}],"predecessor-version":[{"id":3583,"href":"https:\/\/dominicainslille.fr\/index.php?rest_route=\/wp\/v2\/pages\/142\/revisions\/3583"}],"up":[{"embeddable":true,"href":"https:\/\/dominicainslille.fr\/index.php?rest_route=\/wp\/v2\/pages\/22"}],"wp:attachment":[{"href":"https:\/\/dominicainslille.fr\/index.php?rest_route=%2Fwp%2Fv2%2Fmedia&parent=142"}],"curies":[{"name":"wp","href":"https:\/\/api.w.org\/{rel}","templated":true}]}}