{"id":147,"date":"2014-11-23T20:31:28","date_gmt":"2014-11-23T19:31:28","guid":{"rendered":"http:\/\/dominicainslille.fr\/?page_id=147"},"modified":"2024-06-09T19:36:55","modified_gmt":"2024-06-09T17:36:55","slug":"qui-sont-les-dominicains","status":"publish","type":"page","link":"https:\/\/dominicainslille.fr\/?page_id=147","title":{"rendered":"Qui sont les dominicains ?"},"content":{"rendered":"<blockquote><p>Saint Dominique a v\u00e9cu au XIIIe si\u00e8cle. C&rsquo;\u00e9tait <strong>un homme fervent pr\u00e9occup\u00e9 par le salut des hommes<\/strong> :\u00a0\u00ab <em>Mon Dieu, ma mis\u00e9ricorde, que vont devenir les p\u00e9cheurs ?<\/em> \u00bb est l&rsquo;un de ses cris.<\/p>\n<p>L&rsquo;ordre qu&rsquo;il a fond\u00e9 a gard\u00e9 cette pr\u00e9occupation d&rsquo;annoncer \u00e0 tous l&rsquo;Evangile, par des moyens vari\u00e9s et modernes.<\/p><\/blockquote>\n<p>Les fr\u00e8res dominicains sont des\u00a0<strong>religieux<\/strong> de l&rsquo;<a title=\"Eglise catholique \u00e0 Lille\" href=\"http:\/\/www.lille.catholique.fr\" target=\"_blank\" rel=\"noopener\"><strong>Eglise catholique<\/strong>,<\/a> vivant en communaut\u00e9 et appartenant \u00e0 l&rsquo;<strong>Ordre des Pr\u00eacheurs ou dominicains.<\/strong><\/p>\n<p>Pour comprendre ce qu&rsquo;est la vie consacr\u00e9e regardez la vid\u00e9o ci-dessous.<\/p>\n<p><iframe loading=\"lazy\" title=\"\u00c0 QUI IRIONS-NOUS ? #1\" width=\"700\" height=\"394\" src=\"https:\/\/www.youtube.com\/embed\/nWAMVPwnY9w?feature=oembed\" frameborder=\"0\" allow=\"accelerometer; autoplay; clipboard-write; encrypted-media; gyroscope; picture-in-picture; web-share\" allowfullscreen><\/iframe><\/p>\n<p>Les dominicains de Lille appartiennent \u00e0 l&rsquo;une des deux provinces en France (<a href=\"http:\/\/www.dominicains.fr\" target=\"_blank\" rel=\"noopener\"><strong>Province de France<\/strong><\/a>\u00a0qui correspond au territoire du nord de la France).<\/p>\n<p>L\u2019ordre des Pr\u00eacheurs ou des Fr\u00e8res Pr\u00eacheurs (O.P. \u2014 <em>Ordo Fratrum Pr\u00e6dicatorum<\/em> en latin), plus connu sous le nom d\u2019ordre dominicain, est un ordre catholique n\u00e9 sous l\u2019impulsion de saint Dominique en <strong>1215<\/strong>.<\/p>\n<p>Suivant la <a href=\"http:\/\/www.dominicains.fr\/textes-fondateurs\" target=\"_blank\" rel=\"noopener\"><strong>r\u00e8gle de saint Augustin<\/strong><\/a>, ainsi que ses propres <strong>Constitutions<\/strong>, il s\u2019est donn\u00e9 pour mission l\u2019<strong>apostolat<\/strong> et la <strong>contemplation<\/strong>. Sa devise est <strong><em>Veritas<\/em><\/strong> (la v\u00e9rit\u00e9). D&rsquo;autres devises lui ont aussi \u00e9t\u00e9 assign\u00e9es, par exemple: <strong>\u00ab annoncer ce que nous avons contempl\u00e9 \u00bb<\/strong> (<em>contemplata aliis tradere<\/em>), reprise de saint Thomas d&rsquo;Aquin, ou encore <strong>\u00ab louer, b\u00e9nir, pr\u00eacher \u00bb<\/strong> qui est une formule liturgique.<\/p>\n<p>Les dominicains sont des religieux mais pas des moines : ils ont la particularit\u00e9 de ne prononcer qu&rsquo;un seul v\u0153u, celui d&rsquo;ob\u00e9issance, dans les mains du ma\u00eetre de l&rsquo;ordre (ou de son repr\u00e9sentant), les v\u0153ux de pauvret\u00e9 et de chastet\u00e9 \u00e9tant implicitement inclus. Ils ne font, par contre, pas v\u0153u de stabilit\u00e9 comme les moines. Ils vivent dans des couvents et non dans des monast\u00e8res. <strong>Leur vocation \u00e9tant de pr\u00eacher<\/strong>, leurs couvents sont souvent situ\u00e9s dans de grandes villes.<\/p>\n<p>Pour en savoir davantage sur notre histoire, vous pouvez consulter le <a href=\"http:\/\/www.dominicains.fr\/qui-sommes-nous\" target=\"_blank\" rel=\"noopener\">site de la province de France<\/a>.<\/p>\n","protected":false},"excerpt":{"rendered":"<p>Saint Dominique a v\u00e9cu au XIIIe si\u00e8cle. C&rsquo;\u00e9tait un homme fervent pr\u00e9occup\u00e9 par le salut des hommes :\u00a0\u00ab Mon Dieu, ma mis\u00e9ricorde, que vont devenir les p\u00e9cheurs ? \u00bb est l&rsquo;un de ses cris. L&rsquo;ordre qu&rsquo;il a fond\u00e9 a gard\u00e9 cette pr\u00e9occupation d&rsquo;annoncer \u00e0 tous l&rsquo;Evangile, par des moyens vari\u00e9s et modernes. Les fr\u00e8res dominicains&hellip;<\/p>\n","protected":false},"author":1,"featured_media":0,"parent":22,"menu_order":0,"comment_status":"closed","ping_status":"closed","template":"","meta":{"footnotes":""},"class_list":["post-147","page","type-page","status-publish","hentry"],"_links":{"self":[{"href":"https:\/\/dominicainslille.fr\/index.php?rest_route=\/wp\/v2\/pages\/147","targetHints":{"allow":["GET"]}}],"collection":[{"href":"https:\/\/dominicainslille.fr\/index.php?rest_route=\/wp\/v2\/pages"}],"about":[{"href":"https:\/\/dominicainslille.fr\/index.php?rest_route=\/wp\/v2\/types\/page"}],"author":[{"embeddable":true,"href":"https:\/\/dominicainslille.fr\/index.php?rest_route=\/wp\/v2\/users\/1"}],"replies":[{"embeddable":true,"href":"https:\/\/dominicainslille.fr\/index.php?rest_route=%2Fwp%2Fv2%2Fcomments&post=147"}],"version-history":[{"count":6,"href":"https:\/\/dominicainslille.fr\/index.php?rest_route=\/wp\/v2\/pages\/147\/revisions"}],"predecessor-version":[{"id":3478,"href":"https:\/\/dominicainslille.fr\/index.php?rest_route=\/wp\/v2\/pages\/147\/revisions\/3478"}],"up":[{"embeddable":true,"href":"https:\/\/dominicainslille.fr\/index.php?rest_route=\/wp\/v2\/pages\/22"}],"wp:attachment":[{"href":"https:\/\/dominicainslille.fr\/index.php?rest_route=%2Fwp%2Fv2%2Fmedia&parent=147"}],"curies":[{"name":"wp","href":"https:\/\/api.w.org\/{rel}","templated":true}]}}