{"id":183,"date":"2014-11-26T08:44:13","date_gmt":"2014-11-26T07:44:13","guid":{"rendered":"http:\/\/dominicainslille.fr\/?page_id=183"},"modified":"2024-06-09T19:37:09","modified_gmt":"2024-06-09T17:37:09","slug":"vocation","status":"publish","type":"page","link":"https:\/\/dominicainslille.fr\/?page_id=183","title":{"rendered":"Vocation"},"content":{"rendered":"\n<p><strong>Tu te sens appel\u00e9 \u00e0 rejoindre l&rsquo;aventure de l&rsquo;annonce de l&rsquo;\u00c9vangile \u00e0 la suite de saint Dominique avec les fr\u00e8res de son ordre ?<\/strong><\/p>\n\n\n\n<p><strong>Tu trouveras sur le <a href=\"https:\/\/dominicains.fr\/devenir-dominicain\/\" data-type=\"link\" data-id=\"https:\/\/dominicains.fr\/devenir-dominicain\/\">site de la Province de France<\/a> des renseignements sur notre style de vie. Pour en discuter, <a href=\"https:\/\/dominicainslille.fr\/?page_id=82\" data-type=\"link\" data-id=\"https:\/\/dominicainslille.fr\/?page_id=82\">contacte-nous<\/a> !<\/strong><\/p>\n\n\n<div class=\"wp-block-image\">\n<figure class=\"alignright\"><a href=\"https:\/\/dominicainslille.fr\/wp-content\/uploads\/2019\/09\/89916952_o.jpg\"><img loading=\"lazy\" decoding=\"async\" width=\"192\" height=\"300\" src=\"https:\/\/dominicainslille.fr\/wp-content\/uploads\/2019\/09\/89916952_o-192x300.jpg\" alt=\"\" class=\"wp-image-1685\" srcset=\"https:\/\/dominicainslille.fr\/wp-content\/uploads\/2019\/09\/89916952_o-192x300.jpg 192w, https:\/\/dominicainslille.fr\/wp-content\/uploads\/2019\/09\/89916952_o-768x1199.jpg 768w, https:\/\/dominicainslille.fr\/wp-content\/uploads\/2019\/09\/89916952_o-656x1024.jpg 656w, https:\/\/dominicainslille.fr\/wp-content\/uploads\/2019\/09\/89916952_o.jpg 1127w\" sizes=\"auto, (max-width: 192px) 100vw, 192px\" \/><\/a><\/figure>\n<\/div>\n\n\n<p>Pourquoi encourageons-nous les vocations dans l\u2019Ordre ? Pourquoi invitons-nous des hommes et des femmes \u00e0 nous rejoindre dans la famille dominicaine ? Je pense que la raison probablement la plus importante est que nous voulons partager avec eux la joie de pr\u00eacher l\u2019\u00c9vangile. Nous voulons partager avec eux le tr\u00e9sor de la vie dominicaine. Nous savons par exp\u00e9rience que lorsque nous rencontrons quelque chose de magnifique ou d\u2019\u00e9poustouflant, la premi\u00e8re chose qui nous vient \u00e0 l\u2019esprit, ce sont les gens que nous aimons : nous souhaitons vraiment qu\u2019ils soient avec nous !<\/p>\n\n\n\n<p class=\"has-text-align-right\"><strong>fr. G\u00e9rard Timoner, ma\u00eetre de l&rsquo;Ordre des Pr\u00eacheurs<\/strong><\/p>\n\n\n\n<figure class=\"wp-block-embed is-type-video is-provider-youtube wp-block-embed-youtube wp-embed-aspect-16-9 wp-has-aspect-ratio\"><div class=\"wp-block-embed__wrapper\">\n<iframe loading=\"lazy\" title=\"\u00c0 QUI IRIONS-NOUS ? #1\" width=\"700\" height=\"394\" src=\"https:\/\/www.youtube.com\/embed\/nWAMVPwnY9w?feature=oembed\" frameborder=\"0\" allow=\"accelerometer; autoplay; clipboard-write; encrypted-media; gyroscope; picture-in-picture; web-share\" allowfullscreen><\/iframe>\n<\/div><\/figure>\n\n\n\n<figure class=\"wp-block-embed is-type-video is-provider-youtube wp-block-embed-youtube wp-embed-aspect-16-9 wp-has-aspect-ratio\"><div class=\"wp-block-embed__wrapper\">\n<iframe loading=\"lazy\" title=\"\u00c0 QUI IRIONS-NOUS ? #2 : Comment r\u00e9fl\u00e9chir \u00e0 la vocation de fr\u00e8re pr\u00eacheur ?\" width=\"700\" height=\"394\" src=\"https:\/\/www.youtube.com\/embed\/FM4XUIrbOtU?feature=oembed\" frameborder=\"0\" allow=\"accelerometer; autoplay; clipboard-write; encrypted-media; gyroscope; picture-in-picture; web-share\" allowfullscreen><\/iframe>\n<\/div><\/figure>\n","protected":false},"excerpt":{"rendered":"<p>Tu te sens appel\u00e9 \u00e0 rejoindre l&rsquo;aventure de l&rsquo;annonce de l&rsquo;\u00c9vangile \u00e0 la suite de saint Dominique avec les fr\u00e8res de son ordre ? Tu trouveras sur le site de la Province de France des renseignements sur notre style de vie. Pour en discuter, contacte-nous ! Pourquoi encourageons-nous les vocations dans l\u2019Ordre ? Pourquoi invitons-nous&hellip;<\/p>\n","protected":false},"author":1,"featured_media":0,"parent":0,"menu_order":0,"comment_status":"closed","ping_status":"closed","template":"","meta":{"footnotes":""},"class_list":["post-183","page","type-page","status-publish","hentry"],"_links":{"self":[{"href":"https:\/\/dominicainslille.fr\/index.php?rest_route=\/wp\/v2\/pages\/183","targetHints":{"allow":["GET"]}}],"collection":[{"href":"https:\/\/dominicainslille.fr\/index.php?rest_route=\/wp\/v2\/pages"}],"about":[{"href":"https:\/\/dominicainslille.fr\/index.php?rest_route=\/wp\/v2\/types\/page"}],"author":[{"embeddable":true,"href":"https:\/\/dominicainslille.fr\/index.php?rest_route=\/wp\/v2\/users\/1"}],"replies":[{"embeddable":true,"href":"https:\/\/dominicainslille.fr\/index.php?rest_route=%2Fwp%2Fv2%2Fcomments&post=183"}],"version-history":[{"count":10,"href":"https:\/\/dominicainslille.fr\/index.php?rest_route=\/wp\/v2\/pages\/183\/revisions"}],"predecessor-version":[{"id":3584,"href":"https:\/\/dominicainslille.fr\/index.php?rest_route=\/wp\/v2\/pages\/183\/revisions\/3584"}],"wp:attachment":[{"href":"https:\/\/dominicainslille.fr\/index.php?rest_route=%2Fwp%2Fv2%2Fmedia&parent=183"}],"curies":[{"name":"wp","href":"https:\/\/api.w.org\/{rel}","templated":true}]}}