{"id":22,"date":"2014-11-20T17:20:53","date_gmt":"2014-11-20T16:20:53","guid":{"rendered":"http:\/\/dominicainslille.fr\/?page_id=22"},"modified":"2024-06-09T19:36:39","modified_gmt":"2024-06-09T17:36:39","slug":"qui-sommes-nous","status":"publish","type":"page","link":"https:\/\/dominicainslille.fr\/?page_id=22","title":{"rendered":"Qui sommes nous ?"},"content":{"rendered":"<p><img loading=\"lazy\" decoding=\"async\" class=\"alignleft wp-image-187 size-thumbnail\" src=\"https:\/\/dominicainslille.fr\/wp-content\/uploads\/2014\/11\/dsc06772-150x150.jpg\" alt=\"dsc06772\" width=\"150\" height=\"150\" \/>Vous trouverez ici :<\/p>\n<p>-une <a title=\"Qui sont les dominicains ?\" href=\"https:\/\/dominicainslille.fr\/?page_id=147\">pr\u00e9sentation de l&rsquo;ordre dominicain (Ordre des Pr\u00eacheurs)<\/a><\/p>\n<p>&#8211; un <a href=\"https:\/\/dominicainslille.fr\/?page_id=26\">historique de la pr\u00e9sence des dominicains \u00e0 Lille<\/a><\/p>\n<p>&#8211; une <a href=\"https:\/\/dominicainslille.fr\/?page_id=24\">pr\u00e9sentation de la communaut\u00e9<\/a> du couvent<\/p>\n","protected":false},"excerpt":{"rendered":"<p>Vous trouverez ici : -une pr\u00e9sentation de l&rsquo;ordre dominicain (Ordre des Pr\u00eacheurs) &#8211; un historique de la pr\u00e9sence des dominicains \u00e0 Lille &#8211; une pr\u00e9sentation de la communaut\u00e9 du couvent<\/p>\n","protected":false},"author":1,"featured_media":0,"parent":0,"menu_order":0,"comment_status":"closed","ping_status":"closed","template":"","meta":{"footnotes":""},"class_list":["post-22","page","type-page","status-publish","hentry"],"_links":{"self":[{"href":"https:\/\/dominicainslille.fr\/index.php?rest_route=\/wp\/v2\/pages\/22","targetHints":{"allow":["GET"]}}],"collection":[{"href":"https:\/\/dominicainslille.fr\/index.php?rest_route=\/wp\/v2\/pages"}],"about":[{"href":"https:\/\/dominicainslille.fr\/index.php?rest_route=\/wp\/v2\/types\/page"}],"author":[{"embeddable":true,"href":"https:\/\/dominicainslille.fr\/index.php?rest_route=\/wp\/v2\/users\/1"}],"replies":[{"embeddable":true,"href":"https:\/\/dominicainslille.fr\/index.php?rest_route=%2Fwp%2Fv2%2Fcomments&post=22"}],"version-history":[{"count":4,"href":"https:\/\/dominicainslille.fr\/index.php?rest_route=\/wp\/v2\/pages\/22\/revisions"}],"predecessor-version":[{"id":1972,"href":"https:\/\/dominicainslille.fr\/index.php?rest_route=\/wp\/v2\/pages\/22\/revisions\/1972"}],"wp:attachment":[{"href":"https:\/\/dominicainslille.fr\/index.php?rest_route=%2Fwp%2Fv2%2Fmedia&parent=22"}],"curies":[{"name":"wp","href":"https:\/\/api.w.org\/{rel}","templated":true}]}}