{"id":26,"date":"2014-11-20T17:21:49","date_gmt":"2014-11-20T16:21:49","guid":{"rendered":"http:\/\/dominicainslille.fr\/?page_id=26"},"modified":"2024-06-09T19:36:48","modified_gmt":"2024-06-09T17:36:48","slug":"historique-du-couvent-des-dominicains-a-lille","status":"publish","type":"page","link":"https:\/\/dominicainslille.fr\/?page_id=26","title":{"rendered":"Historique du couvent des dominicains \u00e0 Lille"},"content":{"rendered":"<p><img loading=\"lazy\" decoding=\"async\" class=\"alignleft wp-image-126 size-medium\" src=\"https:\/\/dominicainslille.fr\/wp-content\/uploads\/2014\/11\/582586_495316237146049_1222898045_n-199x300.jpg\" alt=\"582586_495316237146049_1222898045_n\" width=\"199\" height=\"300\" srcset=\"https:\/\/dominicainslille.fr\/wp-content\/uploads\/2014\/11\/582586_495316237146049_1222898045_n-199x300.jpg 199w, https:\/\/dominicainslille.fr\/wp-content\/uploads\/2014\/11\/582586_495316237146049_1222898045_n.jpg 639w\" sizes=\"auto, (max-width: 199px) 100vw, 199px\" \/>Depuis 1224, les fr\u00e8res dominicains sont pr\u00e9sents \u00e0 Lille. Le couvent actuel, inaugur\u00e9 en <strong>1957<\/strong>, est un joyau de l&rsquo;architecture contemporaine. Class\u00e9 \u00e0 l&rsquo;<strong>inventaire suppl\u00e9mentaire des monuments historiques<\/strong>, il est le premier b\u00e2timent religieux \u00ab\u00a0Patrimoine du XXe si\u00e8cle\u00a0\u00bb. Le couvent est l&rsquo;\u0153uvre des architectes Pierre Pinsard et Neil Hutchinson. Il est fait de briques, de b\u00e9ton mais aussi de lumi\u00e8re et de verdure. Il est situ\u00e9 dans un parc arbor\u00e9 de deux hectares.<\/p>\n\n<p>&nbsp;<\/p>\n","protected":false},"excerpt":{"rendered":"<p>Depuis 1224, les fr\u00e8res dominicains sont pr\u00e9sents \u00e0 Lille. Le couvent actuel, inaugur\u00e9 en 1957, est un joyau de l&rsquo;architecture contemporaine. Class\u00e9 \u00e0 l&rsquo;inventaire suppl\u00e9mentaire des monuments historiques, il est le premier b\u00e2timent religieux \u00ab\u00a0Patrimoine du XXe si\u00e8cle\u00a0\u00bb. Le couvent est l&rsquo;\u0153uvre des architectes Pierre Pinsard et Neil Hutchinson. Il est fait de briques, de&hellip;<\/p>\n","protected":false},"author":1,"featured_media":0,"parent":22,"menu_order":2,"comment_status":"closed","ping_status":"closed","template":"","meta":{"footnotes":""},"class_list":["post-26","page","type-page","status-publish","hentry"],"_links":{"self":[{"href":"https:\/\/dominicainslille.fr\/index.php?rest_route=\/wp\/v2\/pages\/26","targetHints":{"allow":["GET"]}}],"collection":[{"href":"https:\/\/dominicainslille.fr\/index.php?rest_route=\/wp\/v2\/pages"}],"about":[{"href":"https:\/\/dominicainslille.fr\/index.php?rest_route=\/wp\/v2\/types\/page"}],"author":[{"embeddable":true,"href":"https:\/\/dominicainslille.fr\/index.php?rest_route=\/wp\/v2\/users\/1"}],"replies":[{"embeddable":true,"href":"https:\/\/dominicainslille.fr\/index.php?rest_route=%2Fwp%2Fv2%2Fcomments&post=26"}],"version-history":[{"count":4,"href":"https:\/\/dominicainslille.fr\/index.php?rest_route=\/wp\/v2\/pages\/26\/revisions"}],"predecessor-version":[{"id":3582,"href":"https:\/\/dominicainslille.fr\/index.php?rest_route=\/wp\/v2\/pages\/26\/revisions\/3582"}],"up":[{"embeddable":true,"href":"https:\/\/dominicainslille.fr\/index.php?rest_route=\/wp\/v2\/pages\/22"}],"wp:attachment":[{"href":"https:\/\/dominicainslille.fr\/index.php?rest_route=%2Fwp%2Fv2%2Fmedia&parent=26"}],"curies":[{"name":"wp","href":"https:\/\/api.w.org\/{rel}","templated":true}]}}