{"id":62,"date":"2014-11-20T17:49:42","date_gmt":"2014-11-20T16:49:42","guid":{"rendered":"http:\/\/dominicainslille.fr\/?page_id=62"},"modified":"2025-10-23T11:53:10","modified_gmt":"2025-10-23T09:53:10","slug":"pelerinage-du-rosaire","status":"publish","type":"page","link":"https:\/\/dominicainslille.fr\/?page_id=62","title":{"rendered":"P\u00e8lerinage du rosaire"},"content":{"rendered":"<h1>Le <a href=\"http:\/\/rosaire.org\/\" target=\"_blank\" rel=\"noopener\">P\u00e8lerinage du Rosaire<\/a> vous attend \u00e0 Lourdes du lundi 5 au samedi 10 octobre 2026 !<\/h1>\n<p><a href=\"http:\/\/rosaire.org\"><img loading=\"lazy\" decoding=\"async\" class=\"size-medium wp-image-2867 aligncenter\" src=\"https:\/\/dominicainslille.fr\/wp-content\/uploads\/2021\/08\/DSC_7592-grotte-gouttes-soleil-1200px-1024x623-1-300x183.jpg\" alt=\"\" width=\"300\" height=\"183\" srcset=\"https:\/\/dominicainslille.fr\/wp-content\/uploads\/2021\/08\/DSC_7592-grotte-gouttes-soleil-1200px-1024x623-1-300x183.jpg 300w, https:\/\/dominicainslille.fr\/wp-content\/uploads\/2021\/08\/DSC_7592-grotte-gouttes-soleil-1200px-1024x623-1-768x467.jpg 768w, https:\/\/dominicainslille.fr\/wp-content\/uploads\/2021\/08\/DSC_7592-grotte-gouttes-soleil-1200px-1024x623-1.jpg 1024w\" sizes=\"auto, (max-width: 300px) 100vw, 300px\" \/><br \/>\n<\/a>Chaque ann\u00e9e pendant la premi\u00e8re semaine du mois d&rsquo;octobre, l&rsquo;Ordre dominicain organise les plus grand de tous les p\u00e8lerinages francophones \u00e0 Lourdes : <a href=\"https:\/\/fap.pelerinage-rosaire.org\/\" target=\"_blank\" rel=\"noopener\">le P\u00e8lerinage du Rosaire.<\/a><\/p>\n<p><strong>Plus de 20 000 personnes<\/strong> se rassemblent \u00e0 cette occasion, dont pr\u00e8s de 2 000 coll\u00e9giens et lyc\u00e9ens et plus de 1 000 p\u00e8lerins malades, accompagn\u00e9s d&rsquo;une hospitalit\u00e9 nombreuse et dynamique.<\/p>\n<p><strong>L&rsquo;Association du Rosaire Flandres-Artois-Picardie<\/strong> envoie chaque ann\u00e9e une d\u00e9l\u00e9gation importante (en g\u00e9n\u00e9ral pr\u00e8s de 1 300 p\u00e8lerins de notre r\u00e9gion) et organise plusieurs recentres pour qu&rsquo;hospitaliers et p\u00e8lerins-malades se retrouvent au long de l&rsquo;ann\u00e9e.<\/p>\n<p><a href=\"https:\/\/dominicainslille.fr\/wp-content\/uploads\/2014\/11\/Embarquement-2.jpg\"><img loading=\"lazy\" decoding=\"async\" class=\"alignleft wp-image-162 size-medium\" src=\"https:\/\/dominicainslille.fr\/wp-content\/uploads\/2014\/11\/Embarquement-2-300x188.jpg\" alt=\"Embarquement 2\" width=\"300\" height=\"188\" srcset=\"https:\/\/dominicainslille.fr\/wp-content\/uploads\/2014\/11\/Embarquement-2-300x188.jpg 300w, https:\/\/dominicainslille.fr\/wp-content\/uploads\/2014\/11\/Embarquement-2-1024x642.jpg 1024w, https:\/\/dominicainslille.fr\/wp-content\/uploads\/2014\/11\/Embarquement-2.jpg 1057w\" sizes=\"auto, (max-width: 300px) 100vw, 300px\" \/><\/a><strong>Pour nous rejoindre<\/strong> comme simple p\u00e8lerin ou dans l&rsquo;id\u00e9e de vous mettre au service du P\u00e8lerinage et des p\u00e8lerins-malades, n&rsquo;h\u00e9sitez pas \u00e0 prendre contact avec le secr\u00e9tariat de l&rsquo;Association. (T\u00e9l. 03 20 14 96 40)<br \/>\n<a href=\"mailto:rosaire.fap@gmail.com\">rosaire.fap@gmail.com<\/a><\/p>\n<p>Pour en savoir plus,\u00a0<span style=\"color: initial;\">rendez-vous sur la <\/span><a href=\"https:\/\/www.facebook.com\/Association-du-Rosaire-Flandres-Artois-Picardie-217182531680250\/timeline\/\" target=\"_blank\" rel=\"noopener\">page Facebook<\/a><span style=\"color: initial;\"> de l&rsquo;Association du Rosaire.<\/span><\/p>\n","protected":false},"excerpt":{"rendered":"<p>Le P\u00e8lerinage du Rosaire vous attend \u00e0 Lourdes du lundi 5 au samedi 10 octobre 2026 ! Chaque ann\u00e9e pendant la premi\u00e8re semaine du mois d&rsquo;octobre, l&rsquo;Ordre dominicain organise les plus grand de tous les p\u00e8lerinages francophones \u00e0 Lourdes : le P\u00e8lerinage du Rosaire. Plus de 20 000 personnes se rassemblent \u00e0 cette occasion, dont&hellip;<\/p>\n","protected":false},"author":1,"featured_media":0,"parent":60,"menu_order":0,"comment_status":"open","ping_status":"open","template":"","meta":{"footnotes":""},"class_list":["post-62","page","type-page","status-publish","hentry"],"_links":{"self":[{"href":"https:\/\/dominicainslille.fr\/index.php?rest_route=\/wp\/v2\/pages\/62","targetHints":{"allow":["GET"]}}],"collection":[{"href":"https:\/\/dominicainslille.fr\/index.php?rest_route=\/wp\/v2\/pages"}],"about":[{"href":"https:\/\/dominicainslille.fr\/index.php?rest_route=\/wp\/v2\/types\/page"}],"author":[{"embeddable":true,"href":"https:\/\/dominicainslille.fr\/index.php?rest_route=\/wp\/v2\/users\/1"}],"replies":[{"embeddable":true,"href":"https:\/\/dominicainslille.fr\/index.php?rest_route=%2Fwp%2Fv2%2Fcomments&post=62"}],"version-history":[{"count":11,"href":"https:\/\/dominicainslille.fr\/index.php?rest_route=\/wp\/v2\/pages\/62\/revisions"}],"predecessor-version":[{"id":3751,"href":"https:\/\/dominicainslille.fr\/index.php?rest_route=\/wp\/v2\/pages\/62\/revisions\/3751"}],"up":[{"embeddable":true,"href":"https:\/\/dominicainslille.fr\/index.php?rest_route=\/wp\/v2\/pages\/60"}],"wp:attachment":[{"href":"https:\/\/dominicainslille.fr\/index.php?rest_route=%2Fwp%2Fv2%2Fmedia&parent=62"}],"curies":[{"name":"wp","href":"https:\/\/api.w.org\/{rel}","templated":true}]}}