{"id":66,"date":"2014-11-20T17:50:25","date_gmt":"2014-11-20T16:50:25","guid":{"rendered":"http:\/\/dominicainslille.fr\/?page_id=66"},"modified":"2024-06-09T19:35:23","modified_gmt":"2024-06-09T17:35:23","slug":"predication-numerique-retraite-dans-la-ville","status":"publish","type":"page","link":"https:\/\/dominicainslille.fr\/?page_id=66","title":{"rendered":"Pr\u00e9dication num\u00e9rique &#8211; Retraite dans la ville"},"content":{"rendered":"<p><a href=\"https:\/\/www.retraitedanslaville.org\/\"><img loading=\"lazy\" decoding=\"async\" class=\"aligncenter size-full wp-image-2231\" src=\"https:\/\/dominicainslille.fr\/wp-content\/uploads\/2020\/05\/01_DLV_Logo_RDLV-21.png\" alt=\"\" width=\"2396\" height=\"667\" srcset=\"https:\/\/dominicainslille.fr\/wp-content\/uploads\/2020\/05\/01_DLV_Logo_RDLV-21.png 2396w, https:\/\/dominicainslille.fr\/wp-content\/uploads\/2020\/05\/01_DLV_Logo_RDLV-21-300x84.png 300w, https:\/\/dominicainslille.fr\/wp-content\/uploads\/2020\/05\/01_DLV_Logo_RDLV-21-768x214.png 768w, https:\/\/dominicainslille.fr\/wp-content\/uploads\/2020\/05\/01_DLV_Logo_RDLV-21-1024x285.png 1024w\" sizes=\"auto, (max-width: 2396px) 100vw, 2396px\" \/><\/a><\/p>\n<p>Les dominicains du couvent de Lille sont investis dans la pr\u00e9dication sur internet. Sur internet, <a href=\"https:\/\/www.retraitedanslaville.org\" target=\"_blank\" rel=\"noopener noreferrer\">Retraite dans la ville<\/a> est une famille de sites gratuits de spiritualit\u00e9, propos\u00e9e par le couvent et anim\u00e9e par la famille dominicaine.<\/p>\n<p><a href=\"https:\/\/avent.retraitedanslaville.org\/\"><img loading=\"lazy\" decoding=\"async\" class=\"aligncenter size-full wp-image-2235\" src=\"https:\/\/dominicainslille.fr\/wp-content\/uploads\/2020\/05\/01_DLV_Logo-ADLV.png\" alt=\"\" width=\"2408\" height=\"686\" srcset=\"https:\/\/dominicainslille.fr\/wp-content\/uploads\/2020\/05\/01_DLV_Logo-ADLV.png 2408w, https:\/\/dominicainslille.fr\/wp-content\/uploads\/2020\/05\/01_DLV_Logo-ADLV-300x85.png 300w, https:\/\/dominicainslille.fr\/wp-content\/uploads\/2020\/05\/01_DLV_Logo-ADLV-768x219.png 768w, https:\/\/dominicainslille.fr\/wp-content\/uploads\/2020\/05\/01_DLV_Logo-ADLV-1024x292.png 1024w\" sizes=\"auto, (max-width: 2408px) 100vw, 2408px\" \/><\/a><\/p>\n<p><a href=\"https:\/\/careme.retraitedanslaville.org\/\"><img loading=\"lazy\" decoding=\"async\" class=\"aligncenter size-full wp-image-2233\" src=\"https:\/\/dominicainslille.fr\/wp-content\/uploads\/2020\/05\/01_DLV_Logo-CDLV.png\" alt=\"\" width=\"2518\" height=\"687\" srcset=\"https:\/\/dominicainslille.fr\/wp-content\/uploads\/2020\/05\/01_DLV_Logo-CDLV.png 2518w, https:\/\/dominicainslille.fr\/wp-content\/uploads\/2020\/05\/01_DLV_Logo-CDLV-300x82.png 300w, https:\/\/dominicainslille.fr\/wp-content\/uploads\/2020\/05\/01_DLV_Logo-CDLV-768x210.png 768w, https:\/\/dominicainslille.fr\/wp-content\/uploads\/2020\/05\/01_DLV_Logo-CDLV-1024x279.png 1024w\" sizes=\"auto, (max-width: 2518px) 100vw, 2518px\" \/><\/a><\/p>\n<p>Pendant l&rsquo;Avent (<a href=\"https:\/\/avent.retraitedanslaville.org\" target=\"_blank\" rel=\"noopener noreferrer\">avent.retraitedanslaville.org<\/a>), le Car\u00eame (<a href=\"https:\/\/careme.retraitedanslaville.org\" target=\"_blank\" rel=\"noopener noreferrer\">careme.retraitedanslaville.org<\/a>) et toute l&rsquo;ann\u00e9e avec Lumi\u00e8res dans la Bible (<a href=\"https:\/\/lumieres.retraitedanslaville.org\/\" target=\"_blank\" rel=\"noopener noreferrer\">lumieres.retraitedanslaville.org)<\/a>, une communaut\u00e9 de plus de 164 000 inscrits go\u00fbte la parole de Dieu, prie et partage sa foi.<\/p>\n<p><a href=\"https:\/\/lumieres.retraitedanslaville.org\/\"><img loading=\"lazy\" decoding=\"async\" class=\"aligncenter size-full wp-image-2230\" src=\"https:\/\/dominicainslille.fr\/wp-content\/uploads\/2020\/05\/LDLB-Black-1.png\" alt=\"\" width=\"1520\" height=\"390\" srcset=\"https:\/\/dominicainslille.fr\/wp-content\/uploads\/2020\/05\/LDLB-Black-1.png 1520w, https:\/\/dominicainslille.fr\/wp-content\/uploads\/2020\/05\/LDLB-Black-1-300x77.png 300w, https:\/\/dominicainslille.fr\/wp-content\/uploads\/2020\/05\/LDLB-Black-1-768x197.png 768w, https:\/\/dominicainslille.fr\/wp-content\/uploads\/2020\/05\/LDLB-Black-1-1024x263.png 1024w\" sizes=\"auto, (max-width: 1520px) 100vw, 1520px\" \/><\/a><strong><a href=\"https:\/\/lumieres.retraitedanslaville.org\/inscription-page-ldlb?utm_source=RDLV&amp;utm_medium=slider_portail&amp;utm_campaign=lancement_LDLB\">Lumi\u00e8res dans la Bible<\/a><\/strong> Pour la 1\u00e8re fois sur internet, Retraite dans la ville propose une lecture transversale de la Bible : gr\u00e2ce aux textes emprunt\u00e9s \u00e0 l\u2019ancien et au nouveau testament, j\u2019approfondis ma connaissance de Dieu et de moi-m\u00eame. Je trouve des ressources pour prier et agir.<\/p>\n<p>\u00a0<\/p>\n<p><a href=\"https:\/\/www.theobule.org\/\"><img loading=\"lazy\" decoding=\"async\" class=\"aligncenter  wp-image-2248\" src=\"https:\/\/dominicainslille.fr\/wp-content\/uploads\/2020\/05\/logo-2016.png\" alt=\"\" width=\"198\" height=\"198\" srcset=\"https:\/\/dominicainslille.fr\/wp-content\/uploads\/2020\/05\/logo-2016.png 367w, https:\/\/dominicainslille.fr\/wp-content\/uploads\/2020\/05\/logo-2016-150x150.png 150w, https:\/\/dominicainslille.fr\/wp-content\/uploads\/2020\/05\/logo-2016-300x300.png 300w\" sizes=\"auto, (max-width: 198px) 100vw, 198px\" \/><\/a><\/p>\n<p><strong><a href=\"https:\/\/www.theobule.org\/\" target=\"_blank\" rel=\"noopener noreferrer\">Th\u00e9obule <\/a><\/strong>est l&rsquo;application et le site internet pour les enfants de 6 \u00e0 11 ans, connect\u00e9s \u00e0 la parole de Dieu.<\/p>\n<p><a href=\"https:\/\/www.theodom.org\/\"><img loading=\"lazy\" decoding=\"async\" class=\"aligncenter  wp-image-2249\" src=\"https:\/\/dominicainslille.fr\/wp-content\/uploads\/2020\/05\/Theodom-logo-171108.png\" alt=\"\" width=\"535\" height=\"143\" srcset=\"https:\/\/dominicainslille.fr\/wp-content\/uploads\/2020\/05\/Theodom-logo-171108.png 1367w, https:\/\/dominicainslille.fr\/wp-content\/uploads\/2020\/05\/Theodom-logo-171108-300x80.png 300w, https:\/\/dominicainslille.fr\/wp-content\/uploads\/2020\/05\/Theodom-logo-171108-768x205.png 768w, https:\/\/dominicainslille.fr\/wp-content\/uploads\/2020\/05\/Theodom-logo-171108-1024x273.png 1024w\" sizes=\"auto, (max-width: 535px) 100vw, 535px\" \/><\/a><\/p>\n<p><a href=\"https:\/\/www.theodom.org\/\">TheoDom<\/a> est la proposition de formation pour les jeunes adultes en soif de mieux conna\u00eetre leur foi. \u00c0 travers de courtes vid\u00e9os accessibles, nous approfondissons un th\u00e8me th\u00e9ologique : la Bible, le Credo, la mort et la r\u00e9surrection, la Vierge Marie, etc.<\/p>\n<p>\u00a0<\/p>\n\n\n<figure class=\"wp-block-image\"><img decoding=\"async\" src=\"blob:https:\/\/dominicainslille.fr\/d75513f6-8be7-854f-83fd-a39529d8dece\" alt=\"\"\/><\/figure>\n","protected":false},"excerpt":{"rendered":"<p>Les dominicains du couvent de Lille sont investis dans la pr\u00e9dication sur internet. Sur internet, Retraite dans la ville est une famille de sites gratuits de spiritualit\u00e9, propos\u00e9e par le couvent et anim\u00e9e par la famille dominicaine. Pendant l&rsquo;Avent (avent.retraitedanslaville.org), le Car\u00eame (careme.retraitedanslaville.org) et toute l&rsquo;ann\u00e9e avec Lumi\u00e8res dans la Bible (lumieres.retraitedanslaville.org), une communaut\u00e9 de&hellip;<\/p>\n","protected":false},"author":1,"featured_media":2231,"parent":60,"menu_order":0,"comment_status":"closed","ping_status":"closed","template":"","meta":{"footnotes":""},"class_list":["post-66","page","type-page","status-publish","has-post-thumbnail","hentry"],"_links":{"self":[{"href":"https:\/\/dominicainslille.fr\/index.php?rest_route=\/wp\/v2\/pages\/66","targetHints":{"allow":["GET"]}}],"collection":[{"href":"https:\/\/dominicainslille.fr\/index.php?rest_route=\/wp\/v2\/pages"}],"about":[{"href":"https:\/\/dominicainslille.fr\/index.php?rest_route=\/wp\/v2\/types\/page"}],"author":[{"embeddable":true,"href":"https:\/\/dominicainslille.fr\/index.php?rest_route=\/wp\/v2\/users\/1"}],"replies":[{"embeddable":true,"href":"https:\/\/dominicainslille.fr\/index.php?rest_route=%2Fwp%2Fv2%2Fcomments&post=66"}],"version-history":[{"count":11,"href":"https:\/\/dominicainslille.fr\/index.php?rest_route=\/wp\/v2\/pages\/66\/revisions"}],"predecessor-version":[{"id":2273,"href":"https:\/\/dominicainslille.fr\/index.php?rest_route=\/wp\/v2\/pages\/66\/revisions\/2273"}],"up":[{"embeddable":true,"href":"https:\/\/dominicainslille.fr\/index.php?rest_route=\/wp\/v2\/pages\/60"}],"wp:featuredmedia":[{"embeddable":true,"href":"https:\/\/dominicainslille.fr\/index.php?rest_route=\/wp\/v2\/media\/2231"}],"wp:attachment":[{"href":"https:\/\/dominicainslille.fr\/index.php?rest_route=%2Fwp%2Fv2%2Fmedia&parent=66"}],"curies":[{"name":"wp","href":"https:\/\/api.w.org\/{rel}","templated":true}]}}