{"id":79,"date":"2014-11-20T17:55:15","date_gmt":"2014-11-20T16:55:15","guid":{"rendered":"http:\/\/dominicainslille.fr\/?page_id=79"},"modified":"2024-06-09T19:35:55","modified_gmt":"2024-06-09T17:35:55","slug":"liens","status":"publish","type":"page","link":"https:\/\/dominicainslille.fr\/?page_id=79","title":{"rendered":"Liens"},"content":{"rendered":"<p><a href=\"http:\/\/www.op.org\">Site international de l&rsquo;Ordre (La curie)<\/a><\/p>\n<p><a title=\"Eglise catholique \u00e0 Lille\" href=\"http:\/\/www.lille.catholique.fr\">Dioc\u00e8se de Lille<\/a><\/p>\n<h1>Province de France<\/h1>\n<ul>\n<li><a href=\"http:\/\/www.dominicains.fr\/\"><strong>Site de la Province de France<\/strong><br \/>\n<\/a><\/li>\n<li><a href=\"http:\/\/www.dominicains.fr\/\">Vicariats de la province: monde arabe, Afrique centrale<\/a>,<\/li>\n<li><a href=\"http:\/\/opdacia.org\/\">Scandinavie et Finlande,<br \/>\n<\/a><\/li>\n<li><a href=\"http:\/\/www.dominikonai.org\">Pays baltes<\/a><\/li>\n<\/ul>\n<h3><b>\u00a0\u00a0\u00a0\u00a0 Dans les m\u00e9dias<\/b><\/h3>\n<ul>\n<li><a href=\"http:\/\/www.editionsducerf.fr\">Editions du <strong>Cerf<\/strong><\/a><\/li>\n<li><a href=\"http:\/\/www.lejourduseigneur.com\"><strong>Le jour du Seigneur<\/strong>, messe t\u00e9l\u00e9vis\u00e9e, maison de production<\/a><\/li>\n<li><a href=\"http:\/\/www.retraitedanslaville.org\"><strong>Retraite dans la ville<\/strong>, prier depuis internet<\/a><\/li>\n<\/ul>\n<h3><b>\u00a0\u00a0\u00a0\u00a0 Centres de recherche<\/b><\/h3>\n<ul>\n<li><a href=\"http:\/\/www.istina.eu\"><strong>Istina<\/strong>, sur le dialogue \u0153cum\u00e9nique<\/a><\/li>\n<li><a href=\"http:\/\/www.ideo-cairo.org\/\"><strong>Id\u00e9o<\/strong>, sur l\u2019Islam, au Caire<br \/>\n<\/a><\/li>\n<li><a title=\"Commission l\u00e9onine\" href=\"http:\/\/www.editionsducerf.fr\/html\/index\/collection.asp?n_col_cerf=765&amp;id_theme=3&amp;id_cat=327\"><strong>Commission L\u00e9onine,<\/strong> sur l&rsquo;oeuvre de saint Thomas d&rsquo;Aquin<\/a><\/li>\n<li><a href=\"http:\/\/rspt.fr\/\">Revue des Sciences Philosophiques et Th\u00e9ologiques<\/a><\/li>\n<li><a href=\"http:\/\/www.bibliothequedusaulchoir.org\/\">Biblioth\u00e8que du Saulchoir, \u00e0 Paris\u00a0<\/a><\/li>\n<\/ul>\n<h3><b>\u00a0\u00a0\u00a0\u00a0 Quelques lieux<\/b><\/h3>\n<ul>\n<li><a href=\"http:\/\/www.couventdelatourette.fr\/\"><strong>La Tourette,<\/strong> couvent construit par Le Corbusier (monts du Lyonnais)<\/a><\/li>\n<li><a href=\"http:\/\/www.studium.fi\/\"><strong>Studium<\/strong> Catholicum, Centre culturel catholique de Helsinki (Finlande)<\/a><\/li>\n<li><a href=\"http:\/\/kergallic.org\/\"><strong>Kergallic<\/strong>, lieu de sessions spirituelles \u00e0 Belle-Ile-en-Mer (Bretagne)<\/a><\/li>\n<li><a href=\"http:\/\/www.abbayedeboscodon.eu\/\"><strong>Boscodon<\/strong>, lieu de rencontres culturelles et religieuses (Hautes-Alpes)<\/a><\/li>\n<\/ul>\n<h3><b>\u00a0\u00a0\u00a0\u00a0 Pour les jeunes<\/b><\/h3>\n<ul>\n<li><a href=\"http:\/\/www.foyersaintdominique.org\/\"><strong>Foyer Saint Dominique<\/strong>, foyer d\u2019\u00e9tudiants \u00e0 Lille<\/a><\/li>\n<li><a href=\"https:\/\/jubilatio-jeunesse-dominicaine.fr\/\"><strong>Jubilatio jeunesse dominicaine<\/strong><\/a><\/li>\n<li><a href=\"http:\/\/le222.squarespace.com\/la-cave-du-222\/\"> <strong>Cave du 222<\/strong>, d\u00e9bats et rencontres th\u00e9ologiques pour les jeunes \u00e0 Paris<\/a><\/li>\n<li><a href=\"http:\/\/ledomino.org\/\" target=\"_blank\" rel=\"noopener\"><strong>Le Domino<\/strong>, aum\u00f4nerie catholique universitaire \u00e9tudiante de Strasbourg<\/a><\/li>\n<\/ul>\n<h3><b><br \/>\n<\/b><\/h3>\n<h1>Famille dominicaine<\/h1>\n<h3><b>\u00a0\u00a0\u00a0\u00a0 Les fr\u00e8res<\/b><\/h3>\n<ul>\n<li><strong>Provinces francophones<\/strong>:<a href=\"http:\/\/dominicains.com\/\"> Province de Toulouse (sud de la France, Ha\u00efti),\u00a0<\/a> <a href=\"http:\/\/www.dominikaner.ch\/\">Suisse<\/a>, <a href=\"http:\/\/www.dominicains.ca\/\">Canada<\/a>, <a href=\"http:\/\/www.precheurs.be\/\">Belgique sud<\/a>, <a href=\"http:\/\/www.daof.org\/\">Afrique de l\u2019ouest<\/a><\/li>\n<li>Et aussi: <a href=\"http:\/\/dominicancooperatorbrother.blogspot.fr\/\">Fr\u00e8res non pr\u00eatres<\/a>, <a href=\"http:\/\/cidalc.op.org\/\">Dominicains d&rsquo;Am\u00e9rique Latine<\/a>, <a href=\"http:\/\/www.domlife.org\/\">des Etats-Unis<\/a><\/li>\n<\/ul>\n<h3><b>\u00a0\u00a0\u00a0\u00a0 Les moniales (religieuses contemplatives)<\/b><\/h3>\n<ul>\n<li><a href=\"http:\/\/dominicaines.org\/france\/\" target=\"_blank\" rel=\"noopener\">F\u00e9d\u00e9ration des monast\u00e8res de moniales dominicaines fran\u00e7aises<\/a><\/li>\n<li><a href=\"http:\/\/ndbeaufort.free.fr\/\">Monast\u00e8re de Beaufort (Ille-et-Vilaine)<\/a><\/li>\n<li><a href=\"http:\/\/www.chalais.fr\/\">Monast\u00e8re de Chalais (Is\u00e8re)<\/a><\/li>\n<li><a href=\"http:\/\/www.dominicaines-taulignan.fr\/\">Monast\u00e8re de Taulignan (Dr\u00f4me)<\/a> \u2026<\/li>\n<\/ul>\n<h3><b>\u00a0\u00a0\u00a0\u00a0 Les la\u00efcs dominicains<\/b><\/h3>\n<ul>\n<li><a href=\"http:\/\/www.laics-dominicains.org\/\">Fraternit\u00e9s la\u00efques dominicaines de France<\/a><\/li>\n<li><a href=\"http:\/\/idymop.org\/\">Mouvement International de la Jeunesse Dominicaine<\/a><\/li>\n<\/ul>\n<h3><b>\u00a0\u00a0\u00a0\u00a0 Les s\u0153urs apostoliques (religieuses dans la soci\u00e9t\u00e9)<\/b><\/h3>\n<ul>\n<li><a href=\"http:\/\/www.dsiop.org\">Association internationale des s\u0153urs dominicaines apostoliques<\/a><\/li>\n<li><a href=\"http:\/\/www.notredamedesprecheurs.org\/\" target=\"_blank\" rel=\"noopener\">Fraternit\u00e9 Notre-Dame des Pr\u00eacheurs<\/a><\/li>\n<li><a href=\"http:\/\/www.crsdop.org\">Congr\u00e9gation romaine de saint Dominique<\/a>\u00a0(site g\u00e9n\u00e9ral) &amp;\u00a0<a href=\"http:\/\/www.dominicaines-crsd-france.fr\">Province de France<\/a>.<\/li>\n<li><a href=\"http:\/\/www.crsdop.org\/\">Dominicaines de la Pr\u00e9sentation (et leur blog)<\/a><\/li>\n<li><a href=\"http:\/\/www.dominicainesdebethanie.org\/\">Dominicaines de B\u00e9thanie<\/a><\/li>\n<\/ul>\n<h1>Quelques initiatives d\u2019ailleurs<\/h1>\n<h3><b>\u00a0\u00a0\u00a0\u00a0 Pour la Justice<\/b><\/h3>\n<ul>\n<li><a href=\"http:\/\/un.op.org\/\">Repr\u00e9sentation de l\u2019Ordre aupr\u00e8s des <strong>Nations-Unies<\/strong><\/a><\/li>\n<li><a href=\"http:\/\/www.dviop.org\/\">DVI, <strong>volontariat<\/strong> international dominicain<br \/>\n<\/a><\/li>\n<li><a href=\"http:\/\/www.oikonomia.it\/\"><strong>Oikonomia<\/strong>, revue italienne d&rsquo;\u00e9thique et de sciences sociales<\/a><\/li>\n<li>Les actions: <a href=\"http:\/\/justiciaypaz.dominicos.org\/\">des fr\u00e8res espagnols,<\/a> <a href=\"http:\/\/www.giustiziaepace.org\">des fr\u00e8res italiens<\/a><\/li>\n<li>ONGs: <a href=\"http:\/\/www.fundacionsmp.org\">Fondation st Martin de Pores (Espagne)<\/a>, <a href=\"http:\/\/mosaiko.op.org\">Mosaiko (Angola)<\/a>, <a href=\"http:\/\/icid.org.in\/\">ICID (Inde)<\/a>, <a href=\"http:\/\/www.derechoshumanos.org.mx\/\">Vittoria (Mexique)<\/a><\/li>\n<\/ul>\n<h3><b>\u00a0\u00a0\u00a0\u00a0 Pour Marie<\/b><\/h3>\n<ul>\n<li><a href=\"http:\/\/rosaire.org\/\">P\u00e8lerinage annuel du <strong>Rosaire<\/strong> \u00e0 Lourdes<\/a><\/li>\n<li><a href=\"http:\/\/rosaire.org\/equipes-du-rosaire\/presentation-des-equipes\">\u00c9quipes du Rosaire (groupes de pri\u00e8re)<\/a><\/li>\n<li><a href=\"http:\/\/www.rosarium.op.org\/\">Rosarium, ressources internet sur le Rosaire<\/a><\/li>\n<li><a href=\"http:\/\/www.pielgrzymka.dominikanie.pl\/\">P\u00e8lerinage Cracovie-Cz\u0119stochowa<\/a><\/li>\n<\/ul>\n<h3><b>\u00a0\u00a0\u00a0\u00a0 Pour la science<\/b><\/h3>\n<ul>\n<li><a href=\"http:\/\/www.ebaf.edu\/\">\u00c9cole biblique et arch\u00e9ologique de <strong>J\u00e9rusalem<\/strong><\/a><\/li>\n<li><a href=\"http:\/\/www.domuni.eu\/fr\/\"><strong>Domuni<\/strong>,<\/a> <a href=\"http:\/\/www.campusdominicano.org\/\">Campus Dominicano<\/a>, formations en ligne<\/li>\n<li><strong>Universit\u00e9s<\/strong>: <a href=\"http:\/\/www.pust.it\/\">Angelicum, (Rome)<\/a>, <a href=\"http:\/\/www.ust.edu.ph\/\">Santo Tomas (Philippines)<\/a>, <a href=\"http:\/\/www.usta.edu.co\/\">Santo Tomas (Colombie),<\/a> <a href=\"http:\/\/www.providence.edu\/\">Providence College (Rhode-Island)<\/a><\/li>\n<li><strong>Facult\u00e9s<\/strong> de philosophie et th\u00e9ologie \u00e0\u00a0<a href=\"http:\/\/www.dspt.edu\">Berkeley<\/a>, <a href=\"http:\/\/www.studiofilosofico.it\">Bologne, <\/a><a href=\"http:\/\/www.unifr.ch\/theo\/fr\">Fribourg,\u00a0<\/a><a href=\"http:\/\/www.filosofiacefta.com\/\">Leon de Los Aldamos (Mexique)<\/a>, <a href=\"http:\/\/www.dhs.edu\/\">New York<\/a>, <a href=\"http:\/\/www.collegedominicain.ca\/\">Ottawa<\/a>,\u00a0<a href=\"www.bfriars.ox.ac.uk\">Oxford,<\/a> <a href=\"http:\/\/www.ai.edu\/\">Saint-Louis<\/a>,<\/li>\n<\/ul>\n<h3><b>\u00a0\u00a0\u00a0\u00a0 Pour la Foi<\/b><\/h3>\n<ul>\n<li><a href=\"http:\/\/www.praedicatio.fr\"><strong>Praedicatio,<\/strong> propositions pour les jeunes de la province de Toulouse<\/a><\/li>\n<li><a href=\"http:\/\/www.blackfriars.be\/\"><strong>Blackfriars,<\/strong> le pub dominicain de Louvain-la-Neuve<\/a><\/li>\n<li><a href=\"http:\/\/www.miesiecznik.wdrodze.pl\/\"><strong>W drodze<\/strong> (en route), mensuel dominicain polonais<\/a><\/li>\n<li><strong><a href=\"http:\/\/word.op.org\/\">Word<\/a><\/strong>, <strong><a href=\"http:\/\/www.spiritualite2000.com\/\">Spiritualit\u00e9 2000<\/a><\/strong>, <a href=\"http:\/\/torch.op.org\/\"><strong>Torch<\/strong><\/a>, <a href=\"http:\/\/fraynelson.com\/\">FreyNelson<\/a> pr\u00e9dications en ligne<\/li>\n<\/ul>\n<p><!-- [if gte mso 9]&gt;--><\/p>\n","protected":false},"excerpt":{"rendered":"<p>Site international de l&rsquo;Ordre (La curie) Dioc\u00e8se de Lille Province de France Site de la Province de France Vicariats de la province: monde arabe, Afrique centrale, Scandinavie et Finlande, Pays baltes \u00a0\u00a0\u00a0\u00a0 Dans les m\u00e9dias Editions du Cerf Le jour du Seigneur, messe t\u00e9l\u00e9vis\u00e9e, maison de production Retraite dans la ville, prier depuis internet \u00a0\u00a0\u00a0\u00a0&hellip;<\/p>\n","protected":false},"author":1,"featured_media":0,"parent":0,"menu_order":0,"comment_status":"closed","ping_status":"closed","template":"","meta":{"footnotes":""},"class_list":["post-79","page","type-page","status-publish","hentry"],"_links":{"self":[{"href":"https:\/\/dominicainslille.fr\/index.php?rest_route=\/wp\/v2\/pages\/79","targetHints":{"allow":["GET"]}}],"collection":[{"href":"https:\/\/dominicainslille.fr\/index.php?rest_route=\/wp\/v2\/pages"}],"about":[{"href":"https:\/\/dominicainslille.fr\/index.php?rest_route=\/wp\/v2\/types\/page"}],"author":[{"embeddable":true,"href":"https:\/\/dominicainslille.fr\/index.php?rest_route=\/wp\/v2\/users\/1"}],"replies":[{"embeddable":true,"href":"https:\/\/dominicainslille.fr\/index.php?rest_route=%2Fwp%2Fv2%2Fcomments&post=79"}],"version-history":[{"count":9,"href":"https:\/\/dominicainslille.fr\/index.php?rest_route=\/wp\/v2\/pages\/79\/revisions"}],"predecessor-version":[{"id":3580,"href":"https:\/\/dominicainslille.fr\/index.php?rest_route=\/wp\/v2\/pages\/79\/revisions\/3580"}],"wp:attachment":[{"href":"https:\/\/dominicainslille.fr\/index.php?rest_route=%2Fwp%2Fv2%2Fmedia&parent=79"}],"curies":[{"name":"wp","href":"https:\/\/api.w.org\/{rel}","templated":true}]}}