{"id":84,"date":"2014-11-20T17:56:27","date_gmt":"2014-11-20T16:56:27","guid":{"rendered":"http:\/\/dominicainslille.fr\/?page_id=84"},"modified":"2024-06-09T19:43:16","modified_gmt":"2024-06-09T17:43:16","slug":"nous-aider","status":"publish","type":"page","link":"https:\/\/dominicainslille.fr\/?page_id=84","title":{"rendered":"Nous soutenir"},"content":{"rendered":"<div class=\"wp-block-image\">\n<figure class=\"aligncenter size-large\"><a href=\"https:\/\/dominicainslille.fr\/wp-content\/uploads\/2021\/03\/Dominicains-copy.jpg\"><img loading=\"lazy\" decoding=\"async\" width=\"1024\" height=\"325\" src=\"https:\/\/dominicainslille.fr\/wp-content\/uploads\/2021\/03\/Dominicains-copy-1024x325.jpg\" alt=\"\" class=\"wp-image-2728\" srcset=\"https:\/\/dominicainslille.fr\/wp-content\/uploads\/2021\/03\/Dominicains-copy-1024x325.jpg 1024w, https:\/\/dominicainslille.fr\/wp-content\/uploads\/2021\/03\/Dominicains-copy-300x95.jpg 300w, https:\/\/dominicainslille.fr\/wp-content\/uploads\/2021\/03\/Dominicains-copy-768x244.jpg 768w, https:\/\/dominicainslille.fr\/wp-content\/uploads\/2021\/03\/Dominicains-copy-1536x488.jpg 1536w, https:\/\/dominicainslille.fr\/wp-content\/uploads\/2021\/03\/Dominicains-copy.jpg 2000w\" sizes=\"auto, (max-width: 1024px) 100vw, 1024px\" \/><\/a><figcaption class=\"wp-element-caption\"><em>L&rsquo;\u00e9glise du couvent, le foyer saint-Dominique et le parc<\/em><\/figcaption><\/figure>\n<\/div>\n\n\n<p><span style=\"color: #2b2b2b;\"><span style=\"font-size: medium;\">Pr\u00e9sents \u00e0 Lille depuis 1224, les Dominicains sont <\/span><\/span><span style=\"font-size: medium;\"><b><span style=\"color: #2b2b2b;\">des religieux au service de l\u2019Eglise catholique<\/span><\/b><\/span><span style=\"color: #2b2b2b;\"><span style=\"font-size: medium;\"> et de l\u2019<\/span><\/span><span style=\"font-size: medium;\"><b><span style=\"color: #2b2b2b;\">annonce de l\u2019Evangile<\/span><\/b><\/span><span style=\"color: #2b2b2b;\"><span style=\"font-size: medium;\">. Votre aide est essentielle \u00e0 notre mission et \u00e0 l\u2019entretien des b\u00e2timents.<\/span><\/span><\/p>\n\n\n\n<p><span style=\"color: #2b2b2b;\"><span style=\"font-size: medium;\">Vous pouvez <\/span><\/span><span style=\"font-size: medium;\"><b><span style=\"color: #2b2b2b;\">soutenir<\/span><\/b><\/span><span style=\"font-size: medium;\"><b><span style=\"color: #2b2b2b;\"> la communaut\u00e9\u00a0: <\/span><\/b><\/span><\/p>\n\n\n\n<ul class=\"wp-block-list\">\n<li><span style=\"font-size: medium;\">En <\/span><span style=\"font-size: inherit; color: rgb(0, 0, 255);\"><u><span style=\"font-size: medium;\"><b><a rel=\"noreferrer noopener\" href=\"https:\/\/priere.retraitedanslaville.org\/offrir-une-messe\/\" target=\"_blank\">offrant une messe<\/a><\/b><\/span><\/u><\/span><b style=\"font-size: inherit;\"> <\/b><span style=\"font-size: inherit; color: rgb(0, 0, 255);\"><span style=\"color: #000000;\"><span style=\"font-size: medium;\">pour une intention particuli\u00e8re<\/span><\/span><\/span><span style=\"font-size: inherit; color: rgb(43, 43, 43);\"><span style=\"font-size: medium;\">&nbsp;<\/span><\/span><span style=\"font-size: medium;\">En faisant <\/span><b style=\"font-size: inherit;\"><span style=\"font-size: medium;\">un don par ch\u00e8que<\/span><\/b><span style=\"font-size: medium;\"> \u00e0 l\u2019ordre du \u00abCouvent des Dominicains de Lille\u00bb \u00e0 adresser au 7 avenue Salomon 59000 Lille<\/span>. Notez bien qu&rsquo;il ne vous sera PAS d\u00e9livr\u00e9 de re\u00e7u fiscal.<\/li>\n<\/ul>\n\n\n\n<p class=\"has-small-font-size\"><em>Les informations recueillies sont n\u00e9cessaires pour le suivi de votre don. En application des articles 39 et suivants de la loi du 6 janvier 1978 modifi\u00e9e relative \u00e0 l&rsquo;informatique et aux libert\u00e9s (CNIL), vous b\u00e9n\u00e9ficiez d&rsquo;un droit d&rsquo;acc\u00e8s, de suppression et de rectification des informations qui vous concernent.<\/em><\/p>\n\n\n\n<div class=\"wp-block-buttons is-layout-flex wp-block-buttons-is-layout-flex\">\n<div class=\"wp-block-button\"><a class=\"wp-block-button__link wp-element-button\" href=\"https:\/\/priere.retraitedanslaville.org\/offrir-une-messe\/\">Offrir une messe<\/a><\/div>\n<\/div>\n\n\n\n<ul class=\"wp-block-list\">\n<li><span style=\"font-size: medium;\">En faisant<b> un don \u00e0 la <a href=\"https:\/\/don.fondationdesmonasteres.org\/soutenir-province-france-dominicains\" target=\"_blank\" rel=\"noreferrer noopener\">Fondation des Monast\u00e8res<\/a>,<\/b><\/span> <span style=\"font-size: medium;\">en pr\u00e9cisant que <b>vous affectez ce don au Couvent des Dominicains de Lille. <\/b><\/span><\/li>\n<\/ul>\n\n\n\n<p><span style=\"color: #2b2b2b;\"><span style=\"font-size: medium;\"><strong>Vous pouvez b\u00e9n\u00e9ficier d\u2019un <b>cadre fiscal avantageux\u202f<\/b>: 66% de votre don est d\u00e9ductible de votre imp\u00f4t sur le revenu, dans la limite de 20% de votre revenu imposable, et 75%, dans la limite de \u00ad50\u2005000\u2006\u20ac, si vous \u00eates assujetti \u00e0 l\u2019IFI.\u00a0<\/strong><\/span><\/span><\/p>\n\n\n\n<p><span style=\"font-size: medium;\">Tous vos dons seront affect\u00e9s aux d\u00e9penses courantes des fr\u00e8res comme les cotisations sociales (500\u2006\u20ac par fr\u00e8re et par mois), les d\u00e9penses li\u00e9es \u00e0 l\u2019accompagnement des fr\u00e8res a\u00een\u00e9s et \u00e0 l\u2019entretien de notre couvent class\u00e9 \u00e0 l\u2019inventaire suppl\u00e9mentaire des monuments historiques (r\u00e9novations, chauffage\u2026).<\/span><\/p>\n\n\n\n<ul class=\"wp-block-list\">\n<li><b style=\"color: rgb(43, 43, 43);\">Don par ch\u00e8que&nbsp;: <\/b> <\/li>\n<\/ul>\n\n\n\n<p><span style=\"color: #2b2b2b;\"><span style=\"font-size: medium;\">Merci d\u2019envoyer votre ch\u00e8que, <u>libell\u00e9 \u00e0 l\u2019ordre de Fondation des Monast\u00e8res<\/u>, \u00e0 l\u2019adresse <b>Fondation des Monast\u00e8re<\/b>, 14 rue Brunel 75017 PARIS, <strong>en pr\u00e9cisant au dos du ch\u00e8que&nbsp;: \u00ab\u00a0Couvent des Dominicains de Lille\u00a0\u00bb.<\/strong><\/span><\/span><\/p>\n\n\n\n<ul class=\"wp-block-list\">\n<li><span style=\"font-size: inherit; color: rgb(43, 43, 43);\"><span style=\"font-size: medium;\"><b>Don en ligne (carte bancaire ou virement) via la Fondation des monast\u00e8res : <\/b><\/span><\/span><a href=\"https:\/\/don.fondationdesmonasteres.org\/soutenir-province-france-dominicains\">https:\/\/don.fondationdesmonasteres.org\/soutenir-province-france-dominicains<\/a><\/li>\n<\/ul>\n\n\n\n<p>La Fondation des Monast\u00e8res, fondation reconnue d\u2019utilit\u00e9 publique, est habilit\u00e9e \u00e0 recevoir les dons, d\u00e9ductibles fiscalement, pour son \u0153uvre de soutien charitable aux membres des communaut\u00e9s religieuses et monastiques&nbsp;de toutes confessions chr\u00e9tiennes.&nbsp;<\/p>\n\n\n\n<p>5% du montant de votre don sera vers\u00e9 au fonds de solidarit\u00e9 de la Fondation des Monast\u00e8res, pour aider d\u2019autres communaut\u00e9s. La Fondation des Monast\u00e8res d\u00e9livre syst\u00e9matiquement un re\u00e7u fiscal.<\/p>\n\n\n\n<p class=\"has-small-font-size\">Les informations recueillies \u00e0 l\u2019occasion de votre don sont \u00e0 l\u2019usage exclusif de la Fondation des Monast\u00e8res et le cas \u00e9ch\u00e9ant de la communaut\u00e9 d\u2019affectation, pour vous adresser votre re\u00e7u fiscal ou des informations personnalis\u00e9es. La Fondation des Monast\u00e8res s\u2019engage \u00e0 ne jamais louer, \u00e9changer ou c\u00e9der ces informations qui ne seront conserv\u00e9es que pendant la dur\u00e9e n\u00e9cessaire au traitement.<br>Conform\u00e9ment \u00e0 la loi \u00ab\u202fInformatique et libert\u00e9s\u202f\u00bb et \u00e0 la r\u00e9glementation europ\u00e9enne, vous disposez d\u2019un droit d\u2019acc\u00e8s, de rectification et d\u2019opposition aux informations vous concernant, en nous contactant\u202f:<br><em>Fondation des Monast\u00e8res, 14 rue Brunel, 75017 Paris, 01 45 31 02 02, <a>fdm@fondationdesmonasteres.org<\/a><\/em><\/p>\n\n\n\n<div class=\"wp-block-buttons is-layout-flex wp-block-buttons-is-layout-flex\">\n<div class=\"wp-block-button\"><a class=\"wp-block-button__link wp-element-button\" href=\"https:\/\/don.fondationdesmonasteres.org\/soutenir\">Don via la Fondation des Monast\u00e8res<\/a><\/div>\n<\/div>\n\n\n\n<hr class=\"wp-block-separator has-css-opacity\"\/>\n\n\n\n<ul class=\"wp-block-list\">\n<li>&nbsp;N&rsquo;h\u00e9sitez pas \u00e0 <a href=\"https:\/\/dominicainslille.fr\/?page_id=82\" target=\"_blank\" rel=\"noreferrer noopener\">nous contacter<\/a>.<\/li>\n<\/ul>\n\n\n\n<form method=\"post\" id=\"cntctfrm_contact_form\" class=\"cntctfrm_contact_form cntctfrm_one_column cntctfrm_ltr cntctfrm_width_default\" action=\"\/index.php?rest_route=%2Fwp%2Fv2%2Fpages%2F84#cntctfrm_contact_form\" enctype=\"multipart\/form-data\"><div id=\"cntctfrm_first_column\" class=\"cntctfrm_column\"><div class=\"cntctfrm_field_wrap cntctfrm_field_name_wrap\"namecontact><div class=\"cntctfrm_label cntctfrm_label_name\">\n\t\t\t\t\t\t\t\t\t<label for=\"cntctfrm_contact_name\">Nom: <span class=\"required\">*<\/span><\/label><\/div><div class=\"cntctfrm_input cntctfrm_input_name\">\n\t\t\t\t\t\t\t\t\t<input namecontact class=\"text\" type=\"text\" size=\"40\" pattern=\"^([\\p{L}\\p{M}]{2,}(\\s)*(\\p{L}+\\p{M}*-*){1,})|([\\p{L}\\p{M}]{3,})\" title=\"Veuillez saisir uniquement des lettres d'au moins 3 caract\u00e8res, les mots \u00e9tant s\u00e9par\u00e9s par des espaces\" value=\"\" name=\"cntctfrm_contact_name\" id=\"cntctfrm_contact_name\" \/><\/div><\/div><div class=\"cntctfrm_field_wrap cntctfrm_field_email_wrap\"email><div class=\"cntctfrm_label cntctfrm_label_email\">\n\t\t\t\t\t\t\t\t\t<label for=\"cntctfrm_contact_email\">Adresse e-mail: <span class=\"required\">*<\/span><\/label>\n\t\t\t\t\t\t\t\t<\/div><div class=\"cntctfrm_input cntctfrm_input_email\">\n\t\t\t\t\t\t\t\t\t<input email class=\"text\" type=\"email\" size=\"40\" value=\"\" name=\"cntctfrm_contact_email\" id=\"cntctfrm_contact_email\" \/><\/div><\/div><div class=\"cntctfrm_field_wrap cntctfrm_field_subject_wrap\"subject><div class=\"cntctfrm_label cntctfrm_label_subject\">\n\t\t\t\t\t\t\t\t\t<label for=\"cntctfrm_contact_subject\">Sujet: <span class=\"required\">*<\/span><\/label>\n\t\t\t\t\t\t\t\t<\/div><div class=\"cntctfrm_input cntctfrm_input_subject\">\n\t\t\t\t\t\t\t\t<input subject pattern=\"^\\p{L}{1,}([\\p{L}\\s]){2,}\" title=\"Please enter only letters at least 3 characters, words seperated by spaces\" class=\"text\" type=\"text\" size=\"40\" value=\"\" name=\"cntctfrm_contact_subject\" id=\"cntctfrm_contact_subject\" \/><\/div><\/div><div class=\"cntctfrm_field_wrap cntctfrm_field_message_wrap\"message><div class=\"cntctfrm_label cntctfrm_label_message\">\n\t\t\t\t\t\t\t\t<label for=\"cntctfrm_contact_message\">Message: <span class=\"required\">*<\/span><\/label>\n\t\t\t\t\t\t\t<\/div><div class=\"cntctfrm_input cntctfrm_input_message\">\n\t\t\t\t\t\t\t\t<textarea message rows=\"5\" cols=\"30\"name=\"cntctfrm_contact_message\" id=\"cntctfrm_contact_message\"><\/textarea><\/div><\/div><\/div><div class=\"clear\"><\/div><div class=\"cntctfrm_submit_wrap\"><div id=\"cntctfrm_submit_first_column\" class=\"cntctfrm_column\"><div class=\"cntctfrm_input cntctfrm_input_submit\"><input type=\"hidden\" value=\"send\" name=\"cntctfrm_contact_action\">\n\t\t\t\t\t\t\t<input type=\"hidden\" value=\"default\" name=\"cntctfrm_language\">\n\t\t\t\t\t\t\t<input type=\"hidden\" value=\"1\" name=\"cntctfrm_form_submited\">\n\t\t\t\t\t\t\t<input type=\"hidden\" value=\"cntctfrm_options\" name=\"cntctfrm_options_name\">\n\t\t\t\t\t\t\t<input type=\"submit\" value=\"Envoyer\" class=\"cntctfrm_contact_submit\" id=\"1\" \/>\n\t\t\t\t\t\t<\/div><\/div><div id=\"cntctfrm_submit_second_column\" class=\"cntctfrm_column\"><\/div><div class=\"clear\"><\/div>\n\t\t\t<\/div>\n\t\t\t<\/form>\n","protected":false},"excerpt":{"rendered":"<p>Pr\u00e9sents \u00e0 Lille depuis 1224, les Dominicains sont des religieux au service de l\u2019Eglise catholique et de l\u2019annonce de l\u2019Evangile. Votre aide est essentielle \u00e0 notre mission et \u00e0 l\u2019entretien des b\u00e2timents. Vous pouvez soutenir la communaut\u00e9\u00a0: Les informations recueillies sont n\u00e9cessaires pour le suivi de votre don. En application des articles 39 et suivants&hellip;<\/p>\n","protected":false},"author":1,"featured_media":0,"parent":0,"menu_order":0,"comment_status":"closed","ping_status":"closed","template":"","meta":{"footnotes":""},"class_list":["post-84","page","type-page","status-publish","hentry"],"_links":{"self":[{"href":"https:\/\/dominicainslille.fr\/index.php?rest_route=\/wp\/v2\/pages\/84","targetHints":{"allow":["GET"]}}],"collection":[{"href":"https:\/\/dominicainslille.fr\/index.php?rest_route=\/wp\/v2\/pages"}],"about":[{"href":"https:\/\/dominicainslille.fr\/index.php?rest_route=\/wp\/v2\/types\/page"}],"author":[{"embeddable":true,"href":"https:\/\/dominicainslille.fr\/index.php?rest_route=\/wp\/v2\/users\/1"}],"replies":[{"embeddable":true,"href":"https:\/\/dominicainslille.fr\/index.php?rest_route=%2Fwp%2Fv2%2Fcomments&post=84"}],"version-history":[{"count":26,"href":"https:\/\/dominicainslille.fr\/index.php?rest_route=\/wp\/v2\/pages\/84\/revisions"}],"predecessor-version":[{"id":3520,"href":"https:\/\/dominicainslille.fr\/index.php?rest_route=\/wp\/v2\/pages\/84\/revisions\/3520"}],"wp:attachment":[{"href":"https:\/\/dominicainslille.fr\/index.php?rest_route=%2Fwp%2Fv2%2Fmedia&parent=84"}],"curies":[{"name":"wp","href":"https:\/\/api.w.org\/{rel}","templated":true}]}}