{"id":89,"date":"2014-11-20T18:02:59","date_gmt":"2014-11-20T17:02:59","guid":{"rendered":"http:\/\/dominicainslille.fr\/?page_id=89"},"modified":"2024-06-09T19:35:49","modified_gmt":"2024-06-09T17:35:49","slug":"la-communaute-du-60","status":"publish","type":"page","link":"https:\/\/dominicainslille.fr\/?page_id=89","title":{"rendered":"La communaut\u00e9 du 60"},"content":{"rendered":"<p><a href=\"https:\/\/dominicainslille.fr\/wp-content\/uploads\/2014\/11\/DSC0172.jpg\"><br \/>\n<\/a>Le \u00ab\u00a060\u00a0\u00bb, maison filiale du couvent est une communaut\u00e9 de 4 fr\u00e8res dans Lille-Sud.<\/p>\n<p>La communaut\u00e9 se construit autour de la Parole, celle de chacun et celle de Dieu c\u00e9l\u00e9br\u00e9e dans l&rsquo;Eucharistie. C&rsquo;est un lieu o\u00f9 l&rsquo;on apprend \u00e0 vivre en fr\u00e8res, \u00e0 \u00e9galit\u00e9, dans une vie partag\u00e9e avec les plus d\u00e9munis.<\/p>\n<p>Adresse de la communaut\u00e9 : 60 rue de Cond\u00e9, 59 000 Lille<br \/>\n<iframe loading=\"lazy\" style=\"border: 0;\" src=\"https:\/\/www.google.com\/maps\/embed?pb=!1m14!1m8!1m3!1d2531.395715264248!2d3.0600766!3d50.6197653!3m2!1i1024!2i768!4f13.1!3m3!1m2!1s0x47c2d59816124573%3A0xb0d82178da14a7c6!2s60+Rue+de+Cond%C3%A9%2C+59000+Lille!5e0!3m2!1sfr!2sfr!4v1417115096581\" width=\"600\" height=\"450\" frameborder=\"0\"><\/iframe><\/p>\n<p><strong>Messe tous les mercredi \u00e0 19h<\/strong><\/p>\n<p><strong>Pause-caf\u00e9 : tous les lundis de 10h \u00e0 12h<\/strong><\/p>\n","protected":false},"excerpt":{"rendered":"<p>Le \u00ab\u00a060\u00a0\u00bb, maison filiale du couvent est une communaut\u00e9 de 4 fr\u00e8res dans Lille-Sud. La communaut\u00e9 se construit autour de la Parole, celle de chacun et celle de Dieu c\u00e9l\u00e9br\u00e9e dans l&rsquo;Eucharistie. C&rsquo;est un lieu o\u00f9 l&rsquo;on apprend \u00e0 vivre en fr\u00e8res, \u00e0 \u00e9galit\u00e9, dans une vie partag\u00e9e avec les plus d\u00e9munis. Adresse de la&hellip;<\/p>\n","protected":false},"author":1,"featured_media":0,"parent":0,"menu_order":0,"comment_status":"closed","ping_status":"closed","template":"","meta":{"footnotes":""},"class_list":["post-89","page","type-page","status-publish","hentry"],"_links":{"self":[{"href":"https:\/\/dominicainslille.fr\/index.php?rest_route=\/wp\/v2\/pages\/89","targetHints":{"allow":["GET"]}}],"collection":[{"href":"https:\/\/dominicainslille.fr\/index.php?rest_route=\/wp\/v2\/pages"}],"about":[{"href":"https:\/\/dominicainslille.fr\/index.php?rest_route=\/wp\/v2\/types\/page"}],"author":[{"embeddable":true,"href":"https:\/\/dominicainslille.fr\/index.php?rest_route=\/wp\/v2\/users\/1"}],"replies":[{"embeddable":true,"href":"https:\/\/dominicainslille.fr\/index.php?rest_route=%2Fwp%2Fv2%2Fcomments&post=89"}],"version-history":[{"count":4,"href":"https:\/\/dominicainslille.fr\/index.php?rest_route=\/wp\/v2\/pages\/89\/revisions"}],"predecessor-version":[{"id":2871,"href":"https:\/\/dominicainslille.fr\/index.php?rest_route=\/wp\/v2\/pages\/89\/revisions\/2871"}],"wp:attachment":[{"href":"https:\/\/dominicainslille.fr\/index.php?rest_route=%2Fwp%2Fv2%2Fmedia&parent=89"}],"curies":[{"name":"wp","href":"https:\/\/api.w.org\/{rel}","templated":true}]}}